{"id":11763,"date":"2025-02-16T10:03:35","date_gmt":"2025-02-16T09:03:35","guid":{"rendered":"https:\/\/stayat-sarbinowo.pl\/rooms-and-apartments\/"},"modified":"2025-12-12T10:36:44","modified_gmt":"2025-12-12T09:36:44","slug":"rooms-and-apartments","status":"publish","type":"page","link":"https:\/\/stayat-sarbinowo.pl\/en\/rooms-and-apartments\/","title":{"rendered":"Accommodation Offer"},"content":{"rendered":"\r\n<div class=\"easy-hotel\">\r\n    <div class=\"eshb-archive-wrapper eshb-container\">\r\n\r\n        <div class=\"archive-search-warpper\">\r\n        \r\n            <div class=\"eshb-search style-one\">\r\n               \r\n                    <form action=\"https:\/\/stayat-sarbinowo.pl\/easy-hotel-search-result\" method=\"get\" class=\"eshb-search-form\">\r\n                        <input type=\"hidden\" name=\"eshb-search-nonce\" value=\"5ff95e51e0\">\r\n                        <div class=\"eshb-form-group dates-wrapper\">\r\n                            <div class=\"eshb-form-group\">\r\n                                <h6 class=\"field-label\">Check In<\/h6>\r\n                                <input type=\"text\" id=\"date-picker_start_date\" class=\"search-date-picker form-control\" name=\"start_date\" value=\"2026-04-19\">\r\n                            <\/div>\r\n                            <div class=\"eshb-form-group\">\r\n                                <h6 class=\"field-label\">Check Out<\/h6>\r\n                                <input type=\"text\" id=\"date-picker_end_date\" class=\"search-date-picker form-control\" name=\"end_date\" value=\"2026-04-20\">\r\n                            <\/div>\r\n                        <\/div>\r\n                                                    <div class=\"eshb-form-group\">\r\n                                <h6 class=\"field-label\">Adult<\/h6>\r\n                                <div class=\"de-number\">\r\n                                    <span class=\"d-minus\">-<\/span>\r\n                                    <input class=\"form-control\" type=\"text\" value=\"1\" name=\"adult_quantity\" max=\"5\">\r\n                                    <span class=\"d-plus\">+<\/span>\r\n                                <\/div>\r\n                            <\/div>\r\n\r\n                                                \r\n                        <div class=\"eshb-form-group submition-wrapper py-0\">\r\n                            <button class=\"eshb-form-submit-btn\" href=\"#\">Sprawd\u017a dost\u0119pno\u015b\u0107<\/button>\r\n                        <\/div>\r\n                    <\/form>\r\n               \r\n                \r\n            <\/div>\r\n      \r\n            \r\n        <\/div>\r\n        <div class=\"eshb-item-grid\" style=\"grid-template-columns: repeat(3, 1fr);\">\r\n        \r\n            <div class=\"grid-item  wow fadeInUp animated\" data-wow-delay=\"0.3s\">\r\n                <div class=\"item-inner\">\r\n                                        <img decoding=\"async\" src=\"https:\/\/stayat-sarbinowo.pl\/wp-content\/uploads\/2024\/09\/DSCF7027-533x533.jpg\" alt=\"Thumbnail\" class=\"thumbnail\">\r\n                    <div class=\"pricing-info\">\r\n                                                    <div class=\"label\">\r\n                                                                    od                                                            \r\n                            <\/div>\r\n                            <h3 class=\"price\">300z\u0142<\/h3>\r\n                                                <a class=\"details-btn\" href=\"https:\/\/stayat-sarbinowo.pl\/en\/apartament\/apartament-9\/?eshb-search-nonce=&#038;start_date=&#038;end_date=&#038;adult_quantity=&#038;children_quantity=\">Zobacz szczeg\u00f3\u0142y<\/a>\r\n                    <\/div>\r\n\r\n                    <div class=\"hover-bg-one\"><\/div>\r\n\r\n                    <div class=\"details-info\">\r\n                                                <h3 class=\"title\">Apartament 9<\/h3>\r\n                        <div class=\"capacities text-center\" style=\"background-size: cover; background-repeat: no-repeat;\">\r\n                                                                    <span class=\"capacity\">\r\n                                            Do 4 os\u00f3b                                        <\/span>\r\n                                                                            <span class=\"capacity\">\r\n                                            21 m\u00b2                                        <\/span>\r\n                                                            <\/div>\r\n                    <\/div>\r\n                    <div class=\"hover-bg-two\"><\/div>\r\n                <\/div>\r\n            <\/div>\r\n            \r\n            \r\n            <div class=\"grid-item  wow fadeInUp animated\" data-wow-delay=\"0.4s\">\r\n                <div class=\"item-inner\">\r\n                                        <img decoding=\"async\" src=\"https:\/\/stayat-sarbinowo.pl\/wp-content\/uploads\/2024\/10\/DSCF7130-533x533.jpg\" alt=\"Thumbnail\" class=\"thumbnail\">\r\n                    <div class=\"pricing-info\">\r\n                                                    <div class=\"label\">\r\n                                                                    od                                                            \r\n                            <\/div>\r\n                            <h3 class=\"price\">300z\u0142<\/h3>\r\n                                                <a class=\"details-btn\" href=\"https:\/\/stayat-sarbinowo.pl\/en\/apartament\/apartament-2\/?eshb-search-nonce=&#038;start_date=&#038;end_date=&#038;adult_quantity=&#038;children_quantity=\">Zobacz szczeg\u00f3\u0142y<\/a>\r\n                    <\/div>\r\n\r\n                    <div class=\"hover-bg-one\"><\/div>\r\n\r\n                    <div class=\"details-info\">\r\n                                                <h3 class=\"title\">Apartament 2<\/h3>\r\n                        <div class=\"capacities text-center\" style=\"background-size: cover; background-repeat: no-repeat;\">\r\n                                                                    <span class=\"capacity\">\r\n                                            Do 5 os\u00f3b                                        <\/span>\r\n                                                                            <span class=\"capacity\">\r\n                                            35,5 m\u00b2                                        <\/span>\r\n                                                            <\/div>\r\n                    <\/div>\r\n                    <div class=\"hover-bg-two\"><\/div>\r\n                <\/div>\r\n            <\/div>\r\n            \r\n            \r\n            <div class=\"grid-item  wow fadeInUp animated\" data-wow-delay=\"0.5s\">\r\n                <div class=\"item-inner\">\r\n                                        <img decoding=\"async\" src=\"https:\/\/stayat-sarbinowo.pl\/wp-content\/uploads\/2024\/10\/DSCF7163-533x533.jpg\" alt=\"Thumbnail\" class=\"thumbnail\">\r\n                    <div class=\"pricing-info\">\r\n                                                    <div class=\"label\">\r\n                                                                    od                                                            \r\n                            <\/div>\r\n                            <h3 class=\"price\">300z\u0142<\/h3>\r\n                                                <a class=\"details-btn\" href=\"https:\/\/stayat-sarbinowo.pl\/en\/apartament\/apartament-3\/?eshb-search-nonce=&#038;start_date=&#038;end_date=&#038;adult_quantity=&#038;children_quantity=\">Zobacz szczeg\u00f3\u0142y<\/a>\r\n                    <\/div>\r\n\r\n                    <div class=\"hover-bg-one\"><\/div>\r\n\r\n                    <div class=\"details-info\">\r\n                                                <h3 class=\"title\">Apartament 3<\/h3>\r\n                        <div class=\"capacities text-center\" style=\"background-size: cover; background-repeat: no-repeat;\">\r\n                                                                    <span class=\"capacity\">\r\n                                            Do 4 os\u00f3b                                        <\/span>\r\n                                                                            <span class=\"capacity\">\r\n                                            20,5 m\u00b2                                        <\/span>\r\n                                                            <\/div>\r\n                    <\/div>\r\n                    <div class=\"hover-bg-two\"><\/div>\r\n                <\/div>\r\n            <\/div>\r\n            \r\n            \r\n            <div class=\"grid-item  wow fadeInUp animated\" data-wow-delay=\"0.6s\">\r\n                <div class=\"item-inner\">\r\n                                        <img decoding=\"async\" src=\"https:\/\/stayat-sarbinowo.pl\/wp-content\/uploads\/2024\/10\/DSCF7189-533x533.jpg\" alt=\"Thumbnail\" class=\"thumbnail\">\r\n                    <div class=\"pricing-info\">\r\n                                                    <div class=\"label\">\r\n                                                                    od                                                            \r\n                            <\/div>\r\n                            <h3 class=\"price\">300z\u0142<\/h3>\r\n                                                <a class=\"details-btn\" href=\"https:\/\/stayat-sarbinowo.pl\/en\/apartament\/apartament-5\/?eshb-search-nonce=&#038;start_date=&#038;end_date=&#038;adult_quantity=&#038;children_quantity=\">Zobacz szczeg\u00f3\u0142y<\/a>\r\n                    <\/div>\r\n\r\n                    <div class=\"hover-bg-one\"><\/div>\r\n\r\n                    <div class=\"details-info\">\r\n                                                <h3 class=\"title\">Apartament 5<\/h3>\r\n                        <div class=\"capacities text-center\" style=\"background-size: cover; background-repeat: no-repeat;\">\r\n                                                                    <span class=\"capacity\">\r\n                                            Do 4 os\u00f3b                                        <\/span>\r\n                                                                            <span class=\"capacity\">\r\n                                            32 m\u00b2                                        <\/span>\r\n                                                            <\/div>\r\n                    <\/div>\r\n                    <div class=\"hover-bg-two\"><\/div>\r\n                <\/div>\r\n            <\/div>\r\n            \r\n            \r\n            <div class=\"grid-item  wow fadeInUp animated\" data-wow-delay=\"0.7s\">\r\n                <div class=\"item-inner\">\r\n                                        <img decoding=\"async\" src=\"https:\/\/stayat-sarbinowo.pl\/wp-content\/uploads\/2024\/10\/DSCF6898-533x533.jpg\" alt=\"Thumbnail\" class=\"thumbnail\">\r\n                    <div class=\"pricing-info\">\r\n                                                    <div class=\"label\">\r\n                                                                    od                                                            \r\n                            <\/div>\r\n                            <h3 class=\"price\">300z\u0142<\/h3>\r\n                                                <a class=\"details-btn\" href=\"https:\/\/stayat-sarbinowo.pl\/en\/apartament\/apartament-6\/?eshb-search-nonce=&#038;start_date=&#038;end_date=&#038;adult_quantity=&#038;children_quantity=\">Zobacz szczeg\u00f3\u0142y<\/a>\r\n                    <\/div>\r\n\r\n                    <div class=\"hover-bg-one\"><\/div>\r\n\r\n                    <div class=\"details-info\">\r\n                                                <h3 class=\"title\">Apartament 6<\/h3>\r\n                        <div class=\"capacities text-center\" style=\"background-size: cover; background-repeat: no-repeat;\">\r\n                                                                    <span class=\"capacity\">\r\n                                            Do 4 os\u00f3b                                        <\/span>\r\n                                                                            <span class=\"capacity\">\r\n                                            21 m\u00b2                                        <\/span>\r\n                                                            <\/div>\r\n                    <\/div>\r\n                    <div class=\"hover-bg-two\"><\/div>\r\n                <\/div>\r\n            <\/div>\r\n            \r\n            \r\n            <div class=\"grid-item  wow fadeInUp animated\" data-wow-delay=\"0.8s\">\r\n                <div class=\"item-inner\">\r\n                                        <img decoding=\"async\" src=\"https:\/\/stayat-sarbinowo.pl\/wp-content\/uploads\/2024\/10\/DSCF7111-533x533.jpg\" alt=\"Thumbnail\" class=\"thumbnail\">\r\n                    <div class=\"pricing-info\">\r\n                                                    <div class=\"label\">\r\n                                                                    od                                                            \r\n                            <\/div>\r\n                            <h3 class=\"price\">300z\u0142<\/h3>\r\n                                                <a class=\"details-btn\" href=\"https:\/\/stayat-sarbinowo.pl\/en\/apartament\/apartament-1\/?eshb-search-nonce=&#038;start_date=&#038;end_date=&#038;adult_quantity=&#038;children_quantity=\">Zobacz szczeg\u00f3\u0142y<\/a>\r\n                    <\/div>\r\n\r\n                    <div class=\"hover-bg-one\"><\/div>\r\n\r\n                    <div class=\"details-info\">\r\n                                                <h3 class=\"title\">Apartament 1<\/h3>\r\n                        <div class=\"capacities text-center\" style=\"background-size: cover; background-repeat: no-repeat;\">\r\n                                                                    <span class=\"capacity\">\r\n                                            do 5 os\u00f3b                                        <\/span>\r\n                                                                            <span class=\"capacity\">\r\n                                            41 m\u00b2                                        <\/span>\r\n                                                            <\/div>\r\n                    <\/div>\r\n                    <div class=\"hover-bg-two\"><\/div>\r\n                <\/div>\r\n            <\/div>\r\n            \r\n            \r\n        <\/div>\r\n\r\n        <nav class=\"eshb-pagination\"><ul class=\"pagination-list\"><li><span aria-current=\"page\" class=\"page-numbers current\">1<\/span><\/li><li><a class=\"page-numbers\" href=\"https:\/\/stayat-sarbinowo.pl\/en\/wp-json\/wp\/v2\/pages\/11763\/page\/2\/\">2<\/a><\/li><li><a class=\"next page-numbers\" href=\"https:\/\/stayat-sarbinowo.pl\/en\/wp-json\/wp\/v2\/pages\/11763\/page\/2\/\">Next &raquo;<\/a><\/li><\/ul><\/nav>\r\n    <\/div>\r\n<\/div>\r\n\n","protected":false},"excerpt":{"rendered":"","protected":false},"author":1,"featured_media":11529,"parent":0,"menu_order":0,"comment_status":"closed","ping_status":"closed","template":"","meta":{"footnotes":""},"class_list":["post-11763","page","type-page","status-publish","has-post-thumbnail","hentry"],"_links":{"self":[{"href":"https:\/\/stayat-sarbinowo.pl\/en\/wp-json\/wp\/v2\/pages\/11763","targetHints":{"allow":["GET"]}}],"collection":[{"href":"https:\/\/stayat-sarbinowo.pl\/en\/wp-json\/wp\/v2\/pages"}],"about":[{"href":"https:\/\/stayat-sarbinowo.pl\/en\/wp-json\/wp\/v2\/types\/page"}],"author":[{"embeddable":true,"href":"https:\/\/stayat-sarbinowo.pl\/en\/wp-json\/wp\/v2\/users\/1"}],"replies":[{"embeddable":true,"href":"https:\/\/stayat-sarbinowo.pl\/en\/wp-json\/wp\/v2\/comments?post=11763"}],"version-history":[{"count":1,"href":"https:\/\/stayat-sarbinowo.pl\/en\/wp-json\/wp\/v2\/pages\/11763\/revisions"}],"predecessor-version":[{"id":12083,"href":"https:\/\/stayat-sarbinowo.pl\/en\/wp-json\/wp\/v2\/pages\/11763\/revisions\/12083"}],"wp:featuredmedia":[{"embeddable":true,"href":"https:\/\/stayat-sarbinowo.pl\/en\/wp-json\/wp\/v2\/media\/11529"}],"wp:attachment":[{"href":"https:\/\/stayat-sarbinowo.pl\/en\/wp-json\/wp\/v2\/media?parent=11763"}],"curies":[{"name":"wp","href":"https:\/\/api.w.org\/{rel}","templated":true}]}}